{"id":42,"date":"2022-11-01T14:57:50","date_gmt":"2022-11-01T13:57:50","guid":{"rendered":"http:\/\/kardiostimulace.cz\/?page_id=42"},"modified":"2023-09-27T11:23:17","modified_gmt":"2023-09-27T09:23:17","slug":"15-let-se-venuji-vyvoji-a-vyzkumu-v-oblasti-kardiostimulace-je-cas-predat-me-vedomosti-dal-pokud-se-chcete-dozvedet-vice-staci-napsat-nebo-zavolat-a-rad-za-vami-prijedu","status":"publish","type":"page","link":"https:\/\/kardiostimulace.cz\/","title":{"rendered":"15 let se v\u011bnuji v\u00fdvoji a v\u00fdzkumu v oblasti kardiostimulace. Je \u010das p\u0159edat m\u00e9 v\u011bdomosti d\u00e1l. Pokud se chcete dozv\u011bd\u011bt v\u00edce, sta\u010d\u00ed napsat, nebo zavolat a r\u00e1d za V\u00e1mi p\u0159ijedu."},"content":{"rendered":"\n<p>V odkaze je youtube kan\u00e1l, kde se dozv\u00edte v\u00edce o kardiostimul\u00e1torech \u0159ady EPG 10. Na email: adam.frank@centrum.cz mi pros\u00edm pi\u0161te dal\u0161\u00ed n\u00e1m\u011bty na videa co V\u00e1s zaj\u00edm\u00e1.<\/p>\n\n\n\n<p><a href=\"https:\/\/www.youtube.com\/@adamfrank1922\/videos\">https:\/\/www.youtube.com\/@adamfrank1922\/videos<\/a><\/p>\n","protected":false},"excerpt":{"rendered":"<p>V odkaze je youtube kan\u00e1l, kde se dozv\u00edte v\u00edce o kardiostimul\u00e1torech \u0159ady EPG 10. Na email: adam.frank@centrum.cz mi pros\u00edm pi\u0161te dal\u0161\u00ed n\u00e1m\u011bty na videa co V\u00e1s zaj\u00edm\u00e1. https:\/\/www.youtube.com\/@adamfrank1922\/videos<\/p>\n","protected":false},"author":1,"featured_media":0,"parent":0,"menu_order":0,"comment_status":"closed","ping_status":"closed","template":"","meta":{"footnotes":""},"class_list":["post-42","page","type-page","status-publish","hentry"],"_links":{"self":[{"href":"https:\/\/kardiostimulace.cz\/index.php\/wp-json\/wp\/v2\/pages\/42","targetHints":{"allow":["GET"]}}],"collection":[{"href":"https:\/\/kardiostimulace.cz\/index.php\/wp-json\/wp\/v2\/pages"}],"about":[{"href":"https:\/\/kardiostimulace.cz\/index.php\/wp-json\/wp\/v2\/types\/page"}],"author":[{"embeddable":true,"href":"https:\/\/kardiostimulace.cz\/index.php\/wp-json\/wp\/v2\/users\/1"}],"replies":[{"embeddable":true,"href":"https:\/\/kardiostimulace.cz\/index.php\/wp-json\/wp\/v2\/comments?post=42"}],"version-history":[{"count":4,"href":"https:\/\/kardiostimulace.cz\/index.php\/wp-json\/wp\/v2\/pages\/42\/revisions"}],"predecessor-version":[{"id":91,"href":"https:\/\/kardiostimulace.cz\/index.php\/wp-json\/wp\/v2\/pages\/42\/revisions\/91"}],"wp:attachment":[{"href":"https:\/\/kardiostimulace.cz\/index.php\/wp-json\/wp\/v2\/media?parent=42"}],"curies":[{"name":"wp","href":"https:\/\/api.w.org\/{rel}","templated":true}]}}